{"id":3736,"date":"2014-05-20T15:38:25","date_gmt":"2014-05-20T13:38:25","guid":{"rendered":"https:\/\/www.schlossvelthurns.it\/?page_id=3736"},"modified":"2014-06-13T16:19:30","modified_gmt":"2014-06-13T14:19:30","slug":"la-stanza-del-cappellano","status":"publish","type":"page","link":"https:\/\/www.schlossvelthurns.it\/it\/la-stanza-del-cappellano\/","title":{"rendered":"La stanza del Cappellano"},"content":{"rendered":"<div  class='flex_column av-av_one_full-2a9015ff38129c418a3f2eafba3e9512 av_one_full  avia-builder-el-0  el_before_av_one_full  avia-builder-el-first  first flex_column_div  '     ><p>\n<style type=\"text\/css\" data-created_by=\"avia_inline_auto\" id=\"style-css-av-av_heading-5880db086cfcd4a0cb2ba359346e180c\">\n#top .av-special-heading.av-av_heading-5880db086cfcd4a0cb2ba359346e180c{\npadding-bottom:10px;\n}\nbody .av-special-heading.av-av_heading-5880db086cfcd4a0cb2ba359346e180c .av-special-heading-tag .heading-char{\nfont-size:25px;\n}\n.av-special-heading.av-av_heading-5880db086cfcd4a0cb2ba359346e180c .av-subheading{\nfont-size:10px;\n}\n<\/style>\n<div  class='av-special-heading av-av_heading-5880db086cfcd4a0cb2ba359346e180c av-special-heading-h1 blockquote modern-quote  avia-builder-el-1  el_before_av_slideshow  avia-builder-el-first '><h1 class='av-special-heading-tag '  itemprop=\"headline\"  >La stanza del Cappellano<\/h1><div class=\"special-heading-border\"><div class=\"special-heading-inner-border\"><\/div><\/div><\/div><br \/>\n<div  class='avia-slideshow av-av_slideshow-4ab43b443aaf1d4d827b0019ee2abf0a avia-slideshow-no scaling av_slideshow avia-fade-slider  avia-builder-el-2  el_after_av_heading  avia-builder-el-last  av-slideshow-ui av-control-default av-slideshow-autoplay av-loop-endless av-loop-manual-endless av-default-height-applied avia-slideshow-1' data-slideshow-options=\"{&quot;animation&quot;:&quot;fade&quot;,&quot;autoplay&quot;:true,&quot;loop_autoplay&quot;:&quot;endless&quot;,&quot;interval&quot;:8,&quot;loop_manual&quot;:&quot;manual-endless&quot;,&quot;autoplay_stopper&quot;:false,&quot;noNavigation&quot;:false,&quot;bg_slider&quot;:false,&quot;keep_padding&quot;:false,&quot;hoverpause&quot;:false,&quot;show_slide_delay&quot;:0}\"  itemprop=\"image\" itemscope=\"itemscope\" itemtype=\"https:\/\/schema.org\/ImageObject\" ><ul class='avia-slideshow-inner ' style='padding-bottom: 66.6%;'><li  class='avia-slideshow-slide av-av_slideshow-4ab43b443aaf1d4d827b0019ee2abf0a__0  slide-1 slide-odd'><a href=\"https:\/\/www.schlossvelthurns.it\/wp-content\/uploads\/2014\/04\/schloss-velthurns-kaplanzimmer3.jpg\" data-srcset=\"https:\/\/www.schlossvelthurns.it\/wp-content\/uploads\/2014\/04\/schloss-velthurns-kaplanzimmer3.jpg 1000w, https:\/\/www.schlossvelthurns.it\/wp-content\/uploads\/2014\/04\/schloss-velthurns-kaplanzimmer3-300x199.jpg 300w, https:\/\/www.schlossvelthurns.it\/wp-content\/uploads\/2014\/04\/schloss-velthurns-kaplanzimmer3-705x469.jpg 705w, https:\/\/www.schlossvelthurns.it\/wp-content\/uploads\/2014\/04\/schloss-velthurns-kaplanzimmer3-710x473.jpg 710w, https:\/\/www.schlossvelthurns.it\/wp-content\/uploads\/2014\/04\/schloss-velthurns-kaplanzimmer3-450x299.jpg 450w\" data-sizes=\"(max-width: 1000px) 100vw, 1000px\"  data-rel='slideshow-1' class='avia-slide-wrap '   ><img decoding=\"async\" fetchpriority=\"high\" class=\"wp-image-4046 avia-img-lazy-loading-not-4046\"  src=\"https:\/\/www.schlossvelthurns.it\/wp-content\/uploads\/2014\/04\/schloss-velthurns-kaplanzimmer3.jpg\" width=\"1000\" height=\"666\" title='schloss-velthurns-kaplanzimmer3' alt=''  itemprop=\"thumbnailUrl\" srcset=\"https:\/\/www.schlossvelthurns.it\/wp-content\/uploads\/2014\/04\/schloss-velthurns-kaplanzimmer3.jpg 1000w, https:\/\/www.schlossvelthurns.it\/wp-content\/uploads\/2014\/04\/schloss-velthurns-kaplanzimmer3-300x199.jpg 300w, https:\/\/www.schlossvelthurns.it\/wp-content\/uploads\/2014\/04\/schloss-velthurns-kaplanzimmer3-705x469.jpg 705w, https:\/\/www.schlossvelthurns.it\/wp-content\/uploads\/2014\/04\/schloss-velthurns-kaplanzimmer3-710x473.jpg 710w, https:\/\/www.schlossvelthurns.it\/wp-content\/uploads\/2014\/04\/schloss-velthurns-kaplanzimmer3-450x299.jpg 450w\" sizes=\"(max-width: 1000px) 100vw, 1000px\" \/><\/a><\/li><li  class='avia-slideshow-slide av-av_slideshow-4ab43b443aaf1d4d827b0019ee2abf0a__1  slide-2 slide-even'><a href=\"https:\/\/www.schlossvelthurns.it\/wp-content\/uploads\/2014\/04\/schloss-velthurns-kaplanzimmer2.jpg\" data-srcset=\"https:\/\/www.schlossvelthurns.it\/wp-content\/uploads\/2014\/04\/schloss-velthurns-kaplanzimmer2.jpg 1000w, https:\/\/www.schlossvelthurns.it\/wp-content\/uploads\/2014\/04\/schloss-velthurns-kaplanzimmer2-300x199.jpg 300w, https:\/\/www.schlossvelthurns.it\/wp-content\/uploads\/2014\/04\/schloss-velthurns-kaplanzimmer2-705x469.jpg 705w, https:\/\/www.schlossvelthurns.it\/wp-content\/uploads\/2014\/04\/schloss-velthurns-kaplanzimmer2-710x473.jpg 710w, https:\/\/www.schlossvelthurns.it\/wp-content\/uploads\/2014\/04\/schloss-velthurns-kaplanzimmer2-450x299.jpg 450w\" data-sizes=\"(max-width: 1000px) 100vw, 1000px\"  data-rel='slideshow-1' class='avia-slide-wrap '   ><img decoding=\"async\" fetchpriority=\"high\" class=\"wp-image-4043 avia-img-lazy-loading-not-4043\"  src=\"https:\/\/www.schlossvelthurns.it\/wp-content\/uploads\/2014\/04\/schloss-velthurns-kaplanzimmer2.jpg\" width=\"1000\" height=\"666\" title='schloss-velthurns-kaplanzimmer2' alt=''  itemprop=\"thumbnailUrl\" srcset=\"https:\/\/www.schlossvelthurns.it\/wp-content\/uploads\/2014\/04\/schloss-velthurns-kaplanzimmer2.jpg 1000w, https:\/\/www.schlossvelthurns.it\/wp-content\/uploads\/2014\/04\/schloss-velthurns-kaplanzimmer2-300x199.jpg 300w, https:\/\/www.schlossvelthurns.it\/wp-content\/uploads\/2014\/04\/schloss-velthurns-kaplanzimmer2-705x469.jpg 705w, https:\/\/www.schlossvelthurns.it\/wp-content\/uploads\/2014\/04\/schloss-velthurns-kaplanzimmer2-710x473.jpg 710w, https:\/\/www.schlossvelthurns.it\/wp-content\/uploads\/2014\/04\/schloss-velthurns-kaplanzimmer2-450x299.jpg 450w\" sizes=\"(max-width: 1000px) 100vw, 1000px\" \/><\/a><\/li><li  class='avia-slideshow-slide av-av_slideshow-4ab43b443aaf1d4d827b0019ee2abf0a__2  slide-3 slide-odd'><a href=\"https:\/\/www.schlossvelthurns.it\/wp-content\/uploads\/2014\/04\/schloss-velthurns-kaplanzimmer.jpg\" data-srcset=\"https:\/\/www.schlossvelthurns.it\/wp-content\/uploads\/2014\/04\/schloss-velthurns-kaplanzimmer.jpg 1000w, https:\/\/www.schlossvelthurns.it\/wp-content\/uploads\/2014\/04\/schloss-velthurns-kaplanzimmer-300x199.jpg 300w, https:\/\/www.schlossvelthurns.it\/wp-content\/uploads\/2014\/04\/schloss-velthurns-kaplanzimmer-705x469.jpg 705w, https:\/\/www.schlossvelthurns.it\/wp-content\/uploads\/2014\/04\/schloss-velthurns-kaplanzimmer-710x473.jpg 710w, https:\/\/www.schlossvelthurns.it\/wp-content\/uploads\/2014\/04\/schloss-velthurns-kaplanzimmer-450x299.jpg 450w\" data-sizes=\"(max-width: 1000px) 100vw, 1000px\"  data-rel='slideshow-1' class='avia-slide-wrap '   ><img decoding=\"async\" fetchpriority=\"high\" class=\"wp-image-4040 avia-img-lazy-loading-not-4040\"  src=\"https:\/\/www.schlossvelthurns.it\/wp-content\/uploads\/2014\/04\/schloss-velthurns-kaplanzimmer.jpg\" width=\"1000\" height=\"666\" title='schloss-velthurns-kaplanzimmer' alt=''  itemprop=\"thumbnailUrl\" srcset=\"https:\/\/www.schlossvelthurns.it\/wp-content\/uploads\/2014\/04\/schloss-velthurns-kaplanzimmer.jpg 1000w, https:\/\/www.schlossvelthurns.it\/wp-content\/uploads\/2014\/04\/schloss-velthurns-kaplanzimmer-300x199.jpg 300w, https:\/\/www.schlossvelthurns.it\/wp-content\/uploads\/2014\/04\/schloss-velthurns-kaplanzimmer-705x469.jpg 705w, https:\/\/www.schlossvelthurns.it\/wp-content\/uploads\/2014\/04\/schloss-velthurns-kaplanzimmer-710x473.jpg 710w, https:\/\/www.schlossvelthurns.it\/wp-content\/uploads\/2014\/04\/schloss-velthurns-kaplanzimmer-450x299.jpg 450w\" sizes=\"(max-width: 1000px) 100vw, 1000px\" \/><\/a><\/li><\/ul><div class='avia-slideshow-arrows avia-slideshow-controls' ><a href='#prev' class='prev-slide  avia-svg-icon avia-font-svg_entypo-fontello' data-av_svg_icon='left-open-big' data-av_iconset='svg_entypo-fontello' tabindex='-1' title=\"Prec\"><svg version=\"1.1\" xmlns=\"http:\/\/www.w3.org\/2000\/svg\" width=\"15\" height=\"32\" viewBox=\"0 0 15 32\" preserveAspectRatio=\"xMidYMid meet\" aria-labelledby='av-svg-title-1' aria-describedby='av-svg-desc-1' role=\"graphics-symbol\" aria-hidden=\"true\">\n<title id='av-svg-title-1'>Prec<\/title>\n<desc id='av-svg-desc-1'>Prec<\/desc>\n<path d=\"M14.464 27.84q0.832 0.832 0 1.536-0.832 0.832-1.536 0l-12.544-12.608q-0.768-0.768 0-1.6l12.544-12.608q0.704-0.832 1.536 0 0.832 0.704 0 1.536l-11.456 11.904z\"><\/path>\n<\/svg><span class='avia_hidden_link_text'>Prec<\/span><\/a><a href='#next' class='next-slide  avia-svg-icon avia-font-svg_entypo-fontello' data-av_svg_icon='right-open-big' data-av_iconset='svg_entypo-fontello' tabindex='-1' title=\"Succ\"><svg version=\"1.1\" xmlns=\"http:\/\/www.w3.org\/2000\/svg\" width=\"15\" height=\"32\" viewBox=\"0 0 15 32\" preserveAspectRatio=\"xMidYMid meet\" aria-labelledby='av-svg-title-2' aria-describedby='av-svg-desc-2' role=\"graphics-symbol\" aria-hidden=\"true\">\n<title id='av-svg-title-2'>Succ<\/title>\n<desc id='av-svg-desc-2'>Succ<\/desc>\n<path d=\"M0.416 27.84l11.456-11.84-11.456-11.904q-0.832-0.832 0-1.536 0.832-0.832 1.536 0l12.544 12.608q0.768 0.832 0 1.6l-12.544 12.608q-0.704 0.832-1.536 0-0.832-0.704 0-1.536z\"><\/path>\n<\/svg><span class='avia_hidden_link_text'>Succ<\/span><\/a><\/div><div class='avia-slideshow-dots avia-slideshow-controls'><a href='#1' class='goto-slide active' >1<\/a><a href='#2' class='goto-slide ' >2<\/a><a href='#3' class='goto-slide ' >3<\/a><\/div><\/div><\/p><\/div><div  class='flex_column av-av_one_full-2a9015ff38129c418a3f2eafba3e9512 av_one_full  avia-builder-el-3  el_after_av_one_full  avia-builder-el-last  first flex_column_div  column-top-margin'     ><section  class='av_textblock_section av-av_textblock-41ffad917e94b84caba77a0632290d8a '   itemscope=\"itemscope\" itemtype=\"https:\/\/schema.org\/CreativeWork\" ><div class='avia_textblock'  itemprop=\"text\" ><p>Nelle due stanze pi\u00f9 grandi dell\u2019ala est sono rappresentati i sacramenti e le stagioni. La stanza all\u2019angolo nord-est \u00e8 abbellita da un ciclo dedicato ai sacramenti suddiviso in sette parti. Durante le riunioni del secondo e del terzo periodo, il Concilio di Trento aveva fissato il numero dei sacramenti a sette.<\/p>\n<p>La successione con cui sono raffigurati in questo contesto non \u00e8 quella canonica. Il programma \u00e8 completato sulla parete meridionale da quattro scene che narrano la parabola del buon Samaritano. Nella prima scena \u00e8 rappresentata l\u2019aggressione dello straniero, nella seconda il passaggio dei leviti. Nel terzo e quarto riquadro dipinto viene raffigurato il salvataggio del ferito da parte di un uomo di Samaria che lo carica sul suo mulo e lo porta in una locanda dove ricever\u00e0 delle cure.<\/p>\n<\/div><\/section><\/div><\/p>\n","protected":false},"excerpt":{"rendered":"","protected":false},"author":2,"featured_media":0,"parent":0,"menu_order":0,"comment_status":"closed","ping_status":"closed","template":"","meta":{"footnotes":""},"class_list":["post-3736","page","type-page","status-publish","hentry"],"yoast_head":"<!-- This site is optimized with the Yoast SEO plugin v27.5 - https:\/\/yoast.com\/product\/yoast-seo-wordpress\/ -->\n<title>La stanza del Cappellano<\/title>\n<meta name=\"robots\" content=\"index, follow, max-snippet:-1, max-image-preview:large, max-video-preview:-1\" \/>\n<link rel=\"canonical\" href=\"https:\/\/www.schlossvelthurns.it\/it\/la-stanza-del-cappellano\/\" \/>\n<meta property=\"og:locale\" content=\"it_IT\" \/>\n<meta property=\"og:type\" content=\"article\" \/>\n<meta property=\"og:title\" content=\"La stanza del Cappellano\" \/>\n<meta property=\"og:url\" content=\"https:\/\/www.schlossvelthurns.it\/it\/la-stanza-del-cappellano\/\" \/>\n<meta property=\"og:site_name\" content=\"Castel Velturno\" \/>\n<meta property=\"article:modified_time\" content=\"2014-06-13T14:19:30+00:00\" \/>\n<meta name=\"twitter:label1\" content=\"Tempo di lettura stimato\" \/>\n\t<meta name=\"twitter:data1\" content=\"1 minuto\" \/>\n<script type=\"application\/ld+json\" class=\"yoast-schema-graph\">{\"@context\":\"https:\\\/\\\/schema.org\",\"@graph\":[{\"@type\":\"WebPage\",\"@id\":\"https:\\\/\\\/www.schlossvelthurns.it\\\/it\\\/la-stanza-del-cappellano\\\/\",\"url\":\"https:\\\/\\\/www.schlossvelthurns.it\\\/it\\\/la-stanza-del-cappellano\\\/\",\"name\":\"La stanza del Cappellano\",\"isPartOf\":{\"@id\":\"https:\\\/\\\/www.schlossvelthurns.it\\\/it\\\/#website\"},\"datePublished\":\"2014-05-20T13:38:25+00:00\",\"dateModified\":\"2014-06-13T14:19:30+00:00\",\"breadcrumb\":{\"@id\":\"https:\\\/\\\/www.schlossvelthurns.it\\\/it\\\/la-stanza-del-cappellano\\\/#breadcrumb\"},\"inLanguage\":\"it-IT\",\"potentialAction\":[{\"@type\":\"ReadAction\",\"target\":[\"https:\\\/\\\/www.schlossvelthurns.it\\\/it\\\/la-stanza-del-cappellano\\\/\"]}]},{\"@type\":\"BreadcrumbList\",\"@id\":\"https:\\\/\\\/www.schlossvelthurns.it\\\/it\\\/la-stanza-del-cappellano\\\/#breadcrumb\",\"itemListElement\":[{\"@type\":\"ListItem\",\"position\":1,\"name\":\"Home\",\"item\":\"https:\\\/\\\/www.schlossvelthurns.it\\\/it\\\/castel-velturno\\\/\"},{\"@type\":\"ListItem\",\"position\":2,\"name\":\"La stanza del Cappellano\"}]},{\"@type\":\"WebSite\",\"@id\":\"https:\\\/\\\/www.schlossvelthurns.it\\\/it\\\/#website\",\"url\":\"https:\\\/\\\/www.schlossvelthurns.it\\\/it\\\/\",\"name\":\"Castel Velturno\",\"description\":\"La residenza estiva dei principi vescovi\",\"potentialAction\":[{\"@type\":\"SearchAction\",\"target\":{\"@type\":\"EntryPoint\",\"urlTemplate\":\"https:\\\/\\\/www.schlossvelthurns.it\\\/it\\\/?s={search_term_string}\"},\"query-input\":{\"@type\":\"PropertyValueSpecification\",\"valueRequired\":true,\"valueName\":\"search_term_string\"}}],\"inLanguage\":\"it-IT\"}]}<\/script>\n<!-- \/ Yoast SEO plugin. -->","yoast_head_json":{"title":"La stanza del Cappellano","robots":{"index":"index","follow":"follow","max-snippet":"max-snippet:-1","max-image-preview":"max-image-preview:large","max-video-preview":"max-video-preview:-1"},"canonical":"https:\/\/www.schlossvelthurns.it\/it\/la-stanza-del-cappellano\/","og_locale":"it_IT","og_type":"article","og_title":"La stanza del Cappellano","og_url":"https:\/\/www.schlossvelthurns.it\/it\/la-stanza-del-cappellano\/","og_site_name":"Castel Velturno","article_modified_time":"2014-06-13T14:19:30+00:00","twitter_misc":{"Tempo di lettura stimato":"1 minuto"},"schema":{"@context":"https:\/\/schema.org","@graph":[{"@type":"WebPage","@id":"https:\/\/www.schlossvelthurns.it\/it\/la-stanza-del-cappellano\/","url":"https:\/\/www.schlossvelthurns.it\/it\/la-stanza-del-cappellano\/","name":"La stanza del Cappellano","isPartOf":{"@id":"https:\/\/www.schlossvelthurns.it\/it\/#website"},"datePublished":"2014-05-20T13:38:25+00:00","dateModified":"2014-06-13T14:19:30+00:00","breadcrumb":{"@id":"https:\/\/www.schlossvelthurns.it\/it\/la-stanza-del-cappellano\/#breadcrumb"},"inLanguage":"it-IT","potentialAction":[{"@type":"ReadAction","target":["https:\/\/www.schlossvelthurns.it\/it\/la-stanza-del-cappellano\/"]}]},{"@type":"BreadcrumbList","@id":"https:\/\/www.schlossvelthurns.it\/it\/la-stanza-del-cappellano\/#breadcrumb","itemListElement":[{"@type":"ListItem","position":1,"name":"Home","item":"https:\/\/www.schlossvelthurns.it\/it\/castel-velturno\/"},{"@type":"ListItem","position":2,"name":"La stanza del Cappellano"}]},{"@type":"WebSite","@id":"https:\/\/www.schlossvelthurns.it\/it\/#website","url":"https:\/\/www.schlossvelthurns.it\/it\/","name":"Castel Velturno","description":"La residenza estiva dei principi vescovi","potentialAction":[{"@type":"SearchAction","target":{"@type":"EntryPoint","urlTemplate":"https:\/\/www.schlossvelthurns.it\/it\/?s={search_term_string}"},"query-input":{"@type":"PropertyValueSpecification","valueRequired":true,"valueName":"search_term_string"}}],"inLanguage":"it-IT"}]}},"_links":{"self":[{"href":"https:\/\/www.schlossvelthurns.it\/it\/wp-json\/wp\/v2\/pages\/3736","targetHints":{"allow":["GET"]}}],"collection":[{"href":"https:\/\/www.schlossvelthurns.it\/it\/wp-json\/wp\/v2\/pages"}],"about":[{"href":"https:\/\/www.schlossvelthurns.it\/it\/wp-json\/wp\/v2\/types\/page"}],"author":[{"embeddable":true,"href":"https:\/\/www.schlossvelthurns.it\/it\/wp-json\/wp\/v2\/users\/2"}],"replies":[{"embeddable":true,"href":"https:\/\/www.schlossvelthurns.it\/it\/wp-json\/wp\/v2\/comments?post=3736"}],"version-history":[{"count":0,"href":"https:\/\/www.schlossvelthurns.it\/it\/wp-json\/wp\/v2\/pages\/3736\/revisions"}],"wp:attachment":[{"href":"https:\/\/www.schlossvelthurns.it\/it\/wp-json\/wp\/v2\/media?parent=3736"}],"curies":[{"name":"wp","href":"https:\/\/api.w.org\/{rel}","templated":true}]}}