{"id":3768,"date":"2014-05-20T16:05:55","date_gmt":"2014-05-20T14:05:55","guid":{"rendered":"https:\/\/www.schlossvelthurns.it\/?page_id=3768"},"modified":"2014-06-13T15:56:17","modified_gmt":"2014-06-13T13:56:17","slug":"il-ciclo-delle-meraviglie-del-mondo","status":"publish","type":"page","link":"https:\/\/www.schlossvelthurns.it\/it\/il-ciclo-delle-meraviglie-del-mondo\/","title":{"rendered":"Il ciclo delle Meraviglie del Mondo"},"content":{"rendered":"<div  class='flex_column av-av_one_full-2a9015ff38129c418a3f2eafba3e9512 av_one_full  avia-builder-el-0  el_before_av_one_full  avia-builder-el-first  first flex_column_div  '     ><p>\n<style type=\"text\/css\" data-created_by=\"avia_inline_auto\" id=\"style-css-av-av_heading-2dd5d83e41316e633f729d7ee39d963e\">\n#top .av-special-heading.av-av_heading-2dd5d83e41316e633f729d7ee39d963e{\npadding-bottom:10px;\n}\nbody .av-special-heading.av-av_heading-2dd5d83e41316e633f729d7ee39d963e .av-special-heading-tag .heading-char{\nfont-size:25px;\n}\n.av-special-heading.av-av_heading-2dd5d83e41316e633f729d7ee39d963e .av-subheading{\nfont-size:10px;\n}\n<\/style>\n<div  class='av-special-heading av-av_heading-2dd5d83e41316e633f729d7ee39d963e av-special-heading-h1 blockquote modern-quote  avia-builder-el-1  el_before_av_slideshow  avia-builder-el-first '><h1 class='av-special-heading-tag '  itemprop=\"headline\"  >Il ciclo delle Meraviglie del Mondo<\/h1><div class=\"special-heading-border\"><div class=\"special-heading-inner-border\"><\/div><\/div><\/div><br \/>\n<div  class='avia-slideshow av-av_slideshow-4ab43b443aaf1d4d827b0019ee2abf0a avia-slideshow-no scaling av_slideshow avia-fade-slider  avia-builder-el-2  el_after_av_heading  avia-builder-el-last  av-slideshow-ui av-control-default av-slideshow-autoplay av-loop-endless av-loop-manual-endless av-default-height-applied avia-slideshow-1' data-slideshow-options=\"{&quot;animation&quot;:&quot;fade&quot;,&quot;autoplay&quot;:true,&quot;loop_autoplay&quot;:&quot;endless&quot;,&quot;interval&quot;:8,&quot;loop_manual&quot;:&quot;manual-endless&quot;,&quot;autoplay_stopper&quot;:false,&quot;noNavigation&quot;:false,&quot;bg_slider&quot;:false,&quot;keep_padding&quot;:false,&quot;hoverpause&quot;:false,&quot;show_slide_delay&quot;:0}\"  itemprop=\"image\" itemscope=\"itemscope\" itemtype=\"https:\/\/schema.org\/ImageObject\" ><ul class='avia-slideshow-inner ' style='padding-bottom: 66.6%;'><li  class='avia-slideshow-slide av-av_slideshow-4ab43b443aaf1d4d827b0019ee2abf0a__0  slide-1 slide-odd'><a href=\"https:\/\/www.schlossvelthurns.it\/wp-content\/uploads\/2014\/04\/schloss-velthurns-weltwunderzyklus2.jpg\" data-srcset=\"https:\/\/www.schlossvelthurns.it\/wp-content\/uploads\/2014\/04\/schloss-velthurns-weltwunderzyklus2.jpg 1000w, https:\/\/www.schlossvelthurns.it\/wp-content\/uploads\/2014\/04\/schloss-velthurns-weltwunderzyklus2-300x199.jpg 300w, https:\/\/www.schlossvelthurns.it\/wp-content\/uploads\/2014\/04\/schloss-velthurns-weltwunderzyklus2-705x469.jpg 705w, https:\/\/www.schlossvelthurns.it\/wp-content\/uploads\/2014\/04\/schloss-velthurns-weltwunderzyklus2-450x299.jpg 450w\" data-sizes=\"(max-width: 1000px) 100vw, 1000px\"  data-rel='slideshow-1' class='avia-slide-wrap '   ><img decoding=\"async\" fetchpriority=\"high\" class=\"wp-image-3661 avia-img-lazy-loading-not-3661\"  src=\"https:\/\/www.schlossvelthurns.it\/wp-content\/uploads\/2014\/04\/schloss-velthurns-weltwunderzyklus2.jpg\" width=\"1000\" height=\"666\" title='schloss-velthurns-weltwunderzyklus2' alt=''  itemprop=\"thumbnailUrl\" srcset=\"https:\/\/www.schlossvelthurns.it\/wp-content\/uploads\/2014\/04\/schloss-velthurns-weltwunderzyklus2.jpg 1000w, https:\/\/www.schlossvelthurns.it\/wp-content\/uploads\/2014\/04\/schloss-velthurns-weltwunderzyklus2-300x199.jpg 300w, https:\/\/www.schlossvelthurns.it\/wp-content\/uploads\/2014\/04\/schloss-velthurns-weltwunderzyklus2-705x469.jpg 705w, https:\/\/www.schlossvelthurns.it\/wp-content\/uploads\/2014\/04\/schloss-velthurns-weltwunderzyklus2-450x299.jpg 450w\" sizes=\"(max-width: 1000px) 100vw, 1000px\" \/><\/a><\/li><li  class='avia-slideshow-slide av-av_slideshow-4ab43b443aaf1d4d827b0019ee2abf0a__1  slide-2 slide-even'><a href=\"https:\/\/www.schlossvelthurns.it\/wp-content\/uploads\/2014\/04\/schloss-velthurns-weltwunderzyklus.jpg\" data-srcset=\"https:\/\/www.schlossvelthurns.it\/wp-content\/uploads\/2014\/04\/schloss-velthurns-weltwunderzyklus.jpg 1000w, https:\/\/www.schlossvelthurns.it\/wp-content\/uploads\/2014\/04\/schloss-velthurns-weltwunderzyklus-300x200.jpg 300w, https:\/\/www.schlossvelthurns.it\/wp-content\/uploads\/2014\/04\/schloss-velthurns-weltwunderzyklus-705x470.jpg 705w, https:\/\/www.schlossvelthurns.it\/wp-content\/uploads\/2014\/04\/schloss-velthurns-weltwunderzyklus-450x300.jpg 450w\" data-sizes=\"(max-width: 1000px) 100vw, 1000px\"  data-rel='slideshow-1' class='avia-slide-wrap '   ><img decoding=\"async\" fetchpriority=\"high\" class=\"wp-image-3658 avia-img-lazy-loading-not-3658\"  src=\"https:\/\/www.schlossvelthurns.it\/wp-content\/uploads\/2014\/04\/schloss-velthurns-weltwunderzyklus.jpg\" width=\"1000\" height=\"667\" title='schloss-velthurns-weltwunderzyklus' alt=''  itemprop=\"thumbnailUrl\" srcset=\"https:\/\/www.schlossvelthurns.it\/wp-content\/uploads\/2014\/04\/schloss-velthurns-weltwunderzyklus.jpg 1000w, https:\/\/www.schlossvelthurns.it\/wp-content\/uploads\/2014\/04\/schloss-velthurns-weltwunderzyklus-300x200.jpg 300w, https:\/\/www.schlossvelthurns.it\/wp-content\/uploads\/2014\/04\/schloss-velthurns-weltwunderzyklus-705x470.jpg 705w, https:\/\/www.schlossvelthurns.it\/wp-content\/uploads\/2014\/04\/schloss-velthurns-weltwunderzyklus-450x300.jpg 450w\" sizes=\"(max-width: 1000px) 100vw, 1000px\" \/><\/a><\/li><\/ul><div class='avia-slideshow-arrows avia-slideshow-controls' ><a href='#prev' class='prev-slide  avia-svg-icon avia-font-svg_entypo-fontello' data-av_svg_icon='left-open-big' data-av_iconset='svg_entypo-fontello' tabindex='-1' title=\"Prec\"><svg version=\"1.1\" xmlns=\"http:\/\/www.w3.org\/2000\/svg\" width=\"15\" height=\"32\" viewBox=\"0 0 15 32\" preserveAspectRatio=\"xMidYMid meet\" aria-labelledby='av-svg-title-1' aria-describedby='av-svg-desc-1' role=\"graphics-symbol\" aria-hidden=\"true\">\n<title id='av-svg-title-1'>Prec<\/title>\n<desc id='av-svg-desc-1'>Prec<\/desc>\n<path d=\"M14.464 27.84q0.832 0.832 0 1.536-0.832 0.832-1.536 0l-12.544-12.608q-0.768-0.768 0-1.6l12.544-12.608q0.704-0.832 1.536 0 0.832 0.704 0 1.536l-11.456 11.904z\"><\/path>\n<\/svg><span class='avia_hidden_link_text'>Prec<\/span><\/a><a href='#next' class='next-slide  avia-svg-icon avia-font-svg_entypo-fontello' data-av_svg_icon='right-open-big' data-av_iconset='svg_entypo-fontello' tabindex='-1' title=\"Succ\"><svg version=\"1.1\" xmlns=\"http:\/\/www.w3.org\/2000\/svg\" width=\"15\" height=\"32\" viewBox=\"0 0 15 32\" preserveAspectRatio=\"xMidYMid meet\" aria-labelledby='av-svg-title-2' aria-describedby='av-svg-desc-2' role=\"graphics-symbol\" aria-hidden=\"true\">\n<title id='av-svg-title-2'>Succ<\/title>\n<desc id='av-svg-desc-2'>Succ<\/desc>\n<path d=\"M0.416 27.84l11.456-11.84-11.456-11.904q-0.832-0.832 0-1.536 0.832-0.832 1.536 0l12.544 12.608q0.768 0.832 0 1.6l-12.544 12.608q-0.704 0.832-1.536 0-0.832-0.704 0-1.536z\"><\/path>\n<\/svg><span class='avia_hidden_link_text'>Succ<\/span><\/a><\/div><div class='avia-slideshow-dots avia-slideshow-controls'><a href='#1' class='goto-slide active' >1<\/a><a href='#2' class='goto-slide ' >2<\/a><\/div><\/div><\/p><\/div><div  class='flex_column av-av_one_full-2a9015ff38129c418a3f2eafba3e9512 av_one_full  avia-builder-el-3  el_after_av_one_full  avia-builder-el-last  first flex_column_div  column-top-margin'     ><section  class='av_textblock_section av-av_textblock-41ffad917e94b84caba77a0632290d8a '   itemscope=\"itemscope\" itemtype=\"https:\/\/schema.org\/CreativeWork\" ><div class='avia_textblock'  itemprop=\"text\" ><p>Anche qui i dipinti alle pareti sono un\u2019opera di Pietro Bagnatore. In un erker compare due volte il MDLXXXIII come anno di esecuzione. Il programma delle Otto Meraviglie si ispira, nelle composizioni dei dipinti, all\u2019opera \u201cOcto Mundi Miracula\u201d del 1572 che contiene delle incisioni in rame realizzate da Philipp Galle su modello di Maarten van Heemskerck.<\/p>\n<p>Il tempio di Zeus a Olympia mostra la statua del padre degli Dei in trono con il fascio di fulmini e il globo in mano, un\u2019opera dello sculture greco Fidia. Le scene in primo piano raffigurano particolari dei giochi olimpici: a sinistra la lotta tra due uomini, a destra l\u2019assegnazione della corona di alloro al vincitore. Nell\u2019iconografia delle discipline olimpiche questo particolare \u00e8 una precoce rarit\u00e0. Come protettore dei giochi appare Ercole rappresentato come statua. Nonostante la diversit\u00e0 e l\u2019inversione delle immagini, l\u2019influsso delle incisioni che avevano ispirato i dipinti di Castel Velturno \u00e8 evidente.<\/p>\n<p>Le mura della citt\u00e0 di Babilonia racchiudono fra l\u2019altro il santuario di Zeus Belos, mentre sull\u2019altra sponda dell\u2019Eufrate si trovano i giardini pensili di Semiramide. Sopra la porta di Babilonia eretta come citt\u00e0 ideale del Rinascimento vi \u00e8 la scultura di Semiramide, fondatrice leggendaria della citt\u00e0. Davanti alle mura la figlia del re d\u00e0 la caccia a un leone armata di freccia e arco.<\/p>\n<p>Il Faro di Alessandria fu ideato e realizzato dall\u2019architetto Sostratus di Cnido. La scena in primo piano mostra l\u2019architetto nell\u2019atto di consigliare il faraone Tolomeo.<\/p>\n<p>Il tempio di Diana a Efeso. Come nel dipinto della meraviglia precedente, \u00e8 l\u2019architetto, qui Chersifrone, a illustrare al committente, probabilmente il re Creso di Lidia, la pianta del tempio, mentre gli scultori stanno lavorando le colonne monolitiche e qualche spettatore curioso si sta avvicinando alla costruzione.<\/p>\n<p>Il Colosso di Rodi riprende invece alla lettera l\u2019incisione di Sadeler. Il dio del sole, Apollo, \u00e8 raffigurato con la ciotola del fuoco nella mano destra e le gambe divaricate; la pi\u00f9 grande statua dell\u2019Antichit\u00e0 sorveglia l\u2019ingresso del porto in cui sta entrando una nave che le passa tra le gambe; in primo piano \u00e8 narrata la genesi della statua gigantesca.<\/p>\n<p>Il Mausoleo di Alicarnasso fu eretto nel 334 a. C. come sepolcro del re Mausolo. La versione pittorica mostra la visita dell\u2019edificio da parte della regina Artemisia, sorella e consorte del re, accompagnata dall\u2019architetto Pitide e da Satiro. L\u2019incisione, che \u00e8 servita da modello, raffigura la regina con una coppa in mano: su incarico di suo marito ella doveva bere la sua cenere mescolata al vino per diventare cos\u00ec un sepolcro vivente. I nomi degli scultori che lavorarono alla costruzione sono Scopas, Briasside, Timoteo e Leochares.<\/p>\n<p>Il classico programma delle Sette Meraviglie viene completato non solo dal Colosseo, ma anche da altri edifici romani dell\u2019Antichit\u00e0 la cui raffigurazione si rif\u00e0 nuovamente a Maarten van Hemskerck che aveva incluso nei suoi \u201cSchizzi Romani\u201d del 1535 una serie di rappresentazioni di costruzioni antiche.<\/p>\n<\/div><\/section><\/div><\/p>\n","protected":false},"excerpt":{"rendered":"","protected":false},"author":2,"featured_media":0,"parent":0,"menu_order":0,"comment_status":"closed","ping_status":"closed","template":"","meta":{"footnotes":""},"class_list":["post-3768","page","type-page","status-publish","hentry"],"yoast_head":"<!-- This site is optimized with the Yoast SEO plugin v27.4 - https:\/\/yoast.com\/product\/yoast-seo-wordpress\/ -->\n<title>Il ciclo delle Meraviglie del Mondo<\/title>\n<meta name=\"robots\" content=\"index, follow, max-snippet:-1, max-image-preview:large, max-video-preview:-1\" \/>\n<link rel=\"canonical\" href=\"https:\/\/www.schlossvelthurns.it\/it\/il-ciclo-delle-meraviglie-del-mondo\/\" \/>\n<meta property=\"og:locale\" content=\"it_IT\" \/>\n<meta property=\"og:type\" content=\"article\" \/>\n<meta property=\"og:title\" content=\"Il ciclo delle Meraviglie del Mondo\" \/>\n<meta property=\"og:url\" content=\"https:\/\/www.schlossvelthurns.it\/it\/il-ciclo-delle-meraviglie-del-mondo\/\" \/>\n<meta property=\"og:site_name\" content=\"Castel Velturno\" \/>\n<meta property=\"article:modified_time\" content=\"2014-06-13T13:56:17+00:00\" \/>\n<meta name=\"twitter:label1\" content=\"Tempo di lettura stimato\" \/>\n\t<meta name=\"twitter:data1\" content=\"3 minuti\" \/>\n<script type=\"application\/ld+json\" class=\"yoast-schema-graph\">{\"@context\":\"https:\\\/\\\/schema.org\",\"@graph\":[{\"@type\":\"WebPage\",\"@id\":\"https:\\\/\\\/www.schlossvelthurns.it\\\/it\\\/il-ciclo-delle-meraviglie-del-mondo\\\/\",\"url\":\"https:\\\/\\\/www.schlossvelthurns.it\\\/it\\\/il-ciclo-delle-meraviglie-del-mondo\\\/\",\"name\":\"Il ciclo delle Meraviglie del Mondo\",\"isPartOf\":{\"@id\":\"https:\\\/\\\/www.schlossvelthurns.it\\\/it\\\/#website\"},\"datePublished\":\"2014-05-20T14:05:55+00:00\",\"dateModified\":\"2014-06-13T13:56:17+00:00\",\"breadcrumb\":{\"@id\":\"https:\\\/\\\/www.schlossvelthurns.it\\\/it\\\/il-ciclo-delle-meraviglie-del-mondo\\\/#breadcrumb\"},\"inLanguage\":\"it-IT\",\"potentialAction\":[{\"@type\":\"ReadAction\",\"target\":[\"https:\\\/\\\/www.schlossvelthurns.it\\\/it\\\/il-ciclo-delle-meraviglie-del-mondo\\\/\"]}]},{\"@type\":\"BreadcrumbList\",\"@id\":\"https:\\\/\\\/www.schlossvelthurns.it\\\/it\\\/il-ciclo-delle-meraviglie-del-mondo\\\/#breadcrumb\",\"itemListElement\":[{\"@type\":\"ListItem\",\"position\":1,\"name\":\"Home\",\"item\":\"https:\\\/\\\/www.schlossvelthurns.it\\\/it\\\/castel-velturno\\\/\"},{\"@type\":\"ListItem\",\"position\":2,\"name\":\"Il ciclo delle Meraviglie del Mondo\"}]},{\"@type\":\"WebSite\",\"@id\":\"https:\\\/\\\/www.schlossvelthurns.it\\\/it\\\/#website\",\"url\":\"https:\\\/\\\/www.schlossvelthurns.it\\\/it\\\/\",\"name\":\"Castel Velturno\",\"description\":\"La residenza estiva dei principi vescovi\",\"potentialAction\":[{\"@type\":\"SearchAction\",\"target\":{\"@type\":\"EntryPoint\",\"urlTemplate\":\"https:\\\/\\\/www.schlossvelthurns.it\\\/it\\\/?s={search_term_string}\"},\"query-input\":{\"@type\":\"PropertyValueSpecification\",\"valueRequired\":true,\"valueName\":\"search_term_string\"}}],\"inLanguage\":\"it-IT\"}]}<\/script>\n<!-- \/ Yoast SEO plugin. -->","yoast_head_json":{"title":"Il ciclo delle Meraviglie del Mondo","robots":{"index":"index","follow":"follow","max-snippet":"max-snippet:-1","max-image-preview":"max-image-preview:large","max-video-preview":"max-video-preview:-1"},"canonical":"https:\/\/www.schlossvelthurns.it\/it\/il-ciclo-delle-meraviglie-del-mondo\/","og_locale":"it_IT","og_type":"article","og_title":"Il ciclo delle Meraviglie del Mondo","og_url":"https:\/\/www.schlossvelthurns.it\/it\/il-ciclo-delle-meraviglie-del-mondo\/","og_site_name":"Castel Velturno","article_modified_time":"2014-06-13T13:56:17+00:00","twitter_misc":{"Tempo di lettura stimato":"3 minuti"},"schema":{"@context":"https:\/\/schema.org","@graph":[{"@type":"WebPage","@id":"https:\/\/www.schlossvelthurns.it\/it\/il-ciclo-delle-meraviglie-del-mondo\/","url":"https:\/\/www.schlossvelthurns.it\/it\/il-ciclo-delle-meraviglie-del-mondo\/","name":"Il ciclo delle Meraviglie del Mondo","isPartOf":{"@id":"https:\/\/www.schlossvelthurns.it\/it\/#website"},"datePublished":"2014-05-20T14:05:55+00:00","dateModified":"2014-06-13T13:56:17+00:00","breadcrumb":{"@id":"https:\/\/www.schlossvelthurns.it\/it\/il-ciclo-delle-meraviglie-del-mondo\/#breadcrumb"},"inLanguage":"it-IT","potentialAction":[{"@type":"ReadAction","target":["https:\/\/www.schlossvelthurns.it\/it\/il-ciclo-delle-meraviglie-del-mondo\/"]}]},{"@type":"BreadcrumbList","@id":"https:\/\/www.schlossvelthurns.it\/it\/il-ciclo-delle-meraviglie-del-mondo\/#breadcrumb","itemListElement":[{"@type":"ListItem","position":1,"name":"Home","item":"https:\/\/www.schlossvelthurns.it\/it\/castel-velturno\/"},{"@type":"ListItem","position":2,"name":"Il ciclo delle Meraviglie del Mondo"}]},{"@type":"WebSite","@id":"https:\/\/www.schlossvelthurns.it\/it\/#website","url":"https:\/\/www.schlossvelthurns.it\/it\/","name":"Castel Velturno","description":"La residenza estiva dei principi vescovi","potentialAction":[{"@type":"SearchAction","target":{"@type":"EntryPoint","urlTemplate":"https:\/\/www.schlossvelthurns.it\/it\/?s={search_term_string}"},"query-input":{"@type":"PropertyValueSpecification","valueRequired":true,"valueName":"search_term_string"}}],"inLanguage":"it-IT"}]}},"_links":{"self":[{"href":"https:\/\/www.schlossvelthurns.it\/it\/wp-json\/wp\/v2\/pages\/3768","targetHints":{"allow":["GET"]}}],"collection":[{"href":"https:\/\/www.schlossvelthurns.it\/it\/wp-json\/wp\/v2\/pages"}],"about":[{"href":"https:\/\/www.schlossvelthurns.it\/it\/wp-json\/wp\/v2\/types\/page"}],"author":[{"embeddable":true,"href":"https:\/\/www.schlossvelthurns.it\/it\/wp-json\/wp\/v2\/users\/2"}],"replies":[{"embeddable":true,"href":"https:\/\/www.schlossvelthurns.it\/it\/wp-json\/wp\/v2\/comments?post=3768"}],"version-history":[{"count":0,"href":"https:\/\/www.schlossvelthurns.it\/it\/wp-json\/wp\/v2\/pages\/3768\/revisions"}],"wp:attachment":[{"href":"https:\/\/www.schlossvelthurns.it\/it\/wp-json\/wp\/v2\/media?parent=3768"}],"curies":[{"name":"wp","href":"https:\/\/api.w.org\/{rel}","templated":true}]}}