{"id":6019,"date":"2022-08-30T09:56:09","date_gmt":"2022-08-30T07:56:09","guid":{"rendered":"https:\/\/www.schlossvelthurns.it\/datenschutz\/"},"modified":"2026-02-09T12:57:54","modified_gmt":"2026-02-09T10:57:54","slug":"privacy-policy","status":"publish","type":"page","link":"https:\/\/www.schlossvelthurns.it\/it\/privacy-policy\/","title":{"rendered":"Privacy Policy"},"content":{"rendered":"\n<style type=\"text\/css\" data-created_by=\"avia_inline_auto\" id=\"style-css-av-l77mcjtg-b28817c041257eb9ea2bdd96f3228f7a\">\n#top .av-special-heading.av-l77mcjtg-b28817c041257eb9ea2bdd96f3228f7a{\npadding-bottom:10px;\n}\nbody .av-special-heading.av-l77mcjtg-b28817c041257eb9ea2bdd96f3228f7a .av-special-heading-tag .heading-char{\nfont-size:25px;\n}\n.av-special-heading.av-l77mcjtg-b28817c041257eb9ea2bdd96f3228f7a .av-subheading{\nfont-size:15px;\n}\n<\/style>\n<div  class='av-special-heading av-l77mcjtg-b28817c041257eb9ea2bdd96f3228f7a av-special-heading-h3  avia-builder-el-0  el_before_av_textblock  avia-builder-el-first '><h3 class='av-special-heading-tag '  itemprop=\"headline\"  >Privacy Policy<\/h3><div class=\"special-heading-border\"><div class=\"special-heading-inner-border\"><\/div><\/div><\/div>\n\n<style type=\"text\/css\" data-created_by=\"avia_inline_auto\" id=\"style-css-av-l77brurn-c69f34853c363b698c7f7d2013a9d459\">\n#top .av_textblock_section.av-l77brurn-c69f34853c363b698c7f7d2013a9d459 .avia_textblock{\nfont-size:16px;\n}\n<\/style>\n<section  class='av_textblock_section av-l77brurn-c69f34853c363b698c7f7d2013a9d459 '   itemscope=\"itemscope\" itemtype=\"https:\/\/schema.org\/CreativeWork\" ><div class='avia_textblock'  itemprop=\"text\" ><p><strong>Ai sensi dell\u2019art. 13 del Regolamento (UE) 2016\/679 relativo alla protezione delle persone fisiche con riguardo al trattamento dei dati personali e della raccomandazione n. 2\/2001 relativa ai requisiti minimi per la raccolta di dati on-line nell\u2019UE<\/strong><\/p>\n<p><strong>1. Titolare del trattamento<\/strong><br \/>\nTitolare del trattamento \u00e8 l\u2019Azienda Musei Provinciali che agisce tramite Castel Velturno<\/p>\n<p>Azienda Musei Provinciali<br \/>\nE-mail: <a href=\"mailto:info@museiprovinciali.it\">info@museiprovinciali.it<\/a><br \/>\nTel.: 0039 0471 32 01 62<\/p>\n<p>Castel Velturno<br \/>\nE-mail: <a href=\"mailto:info@castelvelturno.it\">info@castelvelturno.it<\/a><br \/>\nTel.: 0039 0472 85 55 25<\/p>\n<p><strong>Responsabile della Protezione dei Dati Personali o Data Protection Officer (DPO)<\/strong><br \/>\nI dati di contatto del Responsabile della protezione dei dati (DPO \u2013 Data Protection Officer) sono i seguenti:<br \/>\nRenorm Srl<br \/>\nE-mail: <a href=\"mailto:renorm@legalmail.it\">renorm@legalmail.it<\/a><br \/>\nTel.: 0039 0471 18 82 77 7<\/p>\n<p>La presente informativa privacy intende fornire informazioni circa il trattamento, le finalit\u00e0, le modalit\u00e0 e, in generale, la gestione dei dati raccolti tramite il sito web www.castelvelturno.it (di seguito, per brevit\u00e0, il Sito Web). La presente informativa privacy riguarda unicamente il presente Sito Web, escludendo quindi ulteriori pagine visitabili tramite collegamento (link).<\/p>\n<p><strong>2. Finalit\u00e0 del trattamento e base giuridica<\/strong><br \/>\nIl Titolare del trattamento garantisce nell\u2019ambito delle previsioni normative che il trattamento dei dati personali tramite il Sito Web si svolge nel rispetto dei diritti e delle libert\u00e0 fondamentali, nonch\u00e9 della dignit\u00e0 dell\u2019interessato\/a, con particolare riferimento alla riservatezza, all\u2019identit\u00e0 personale e al diritto alla protezione dei dati personali.<br \/>\nNel rispetto delle condizioni di liceit\u00e0 previste all\u2019art. 6 del GDPR 2016\/679, i dati personali da Lei forniti attraverso il Sito Web potranno essere trattati esclusivamente per le seguenti finalit\u00e0:<br \/>\na) Gestione delle richieste di contatto\/prenotazione<br \/>\nIl trattamento \u00e8 necessario all\u2019esecuzione di un contratto di cui l\u2019interessato \u00e8 parte o alla esecuzione di misure precontrattuali adottate su richiesta dello stesso &#8211; art. 6, comma 1, lett. b) del GDPR 2016\/679.<br \/>\nb) Navigazione e miglioramento del Sito Web<br \/>\nPer maggiori dettagli su tali finalit\u00e0 e tipologia di dati si prega di visitare la sezione \u201c<a href=\"https:\/\/www.schlossvelthurns.it\/it\/cookie-policy\/\" target=\"_blank\" rel=\"noopener\">Cookie Policy<\/a>\u201d.<\/p>\n<p><strong>3. Tipologia di dati trattati<\/strong><br \/>\nPer le finalit\u00e0 sopra citate possono essere oggetto di trattamento principalmente:<br \/>\na) dati personali di natura comune (es. nome, cognome, numero di telefono e indirizzo di posta elettronica), e ulteriori dati eventualmente forniti in caso di contatto tramite i metodi previsti dal Sito Web.<\/p>\n<p><strong>4. Modalit\u00e0 di trattamento<\/strong><br \/>\nIl trattamento sar\u00e0 effettuato:<br \/>\na) dal solo personale autorizzato per lo svolgimento delle attivit\u00e0 di trattamento;<br \/>\nb) mediante l\u2019utilizzo di sistemi manuali ed elettronici;<br \/>\nc) da soggetti autorizzati all\u2019assolvimento di tali compiti ai sensi di legge;<br \/>\nd) con l\u2019impiego di misure organizzative e tecniche adeguate a garantire la riservatezza dei dati ed evitare l\u2019accesso agli stessi da parte di terzi non autorizzati.<br \/>\nI Suoi dati non saranno inseriti in processi decisionali automatizzati.<\/p>\n<p><strong>5. Periodo di conservazione dei dati personali<\/strong><br \/>\nI dati da Lei forniti saranno conservati per il periodo strettamente necessario al perseguimento delle finalit\u00e0, in particolare:<br \/>\na) Gestione delle richieste di contatto<br \/>\nFino ad esaurimento delle finalit\u00e0 per cui i dati sono stati raccolti<br \/>\nb) Navigazione e miglioramento del Sito Web<br \/>\nS.v. Cookie Policy<\/p>\n<p><strong>6. Diffusione e comunicazione dei dati personali<\/strong><br \/>\nI Suoi dati personali non saranno diffusi. Tuttavia gli stessi potranno essere comunicati a terzi:<br \/>\na) alle Pubbliche Amministrazioni e Autorit\u00e0, ove previsto dalla legge;<br \/>\nb) fornitori di servizi e soggetti terzi in rapporto contrattuale con il Titolare nominati quali \u201cResponsabili del trattamento\u201d ex art. 28 del GDPR e tenuti al rispetto degli obblighi in materia di protezione dei dati, in virt\u00f9 di un apposito atto stipulato con il Titolare;<br \/>\nc) soggetti giuridici legittimati ad accedere ai dati in forza di disposizioni di legge, normative e regolamentari.<\/p>\n<p><strong>7. Diritti degli interessati<\/strong><br \/>\nLei ha diritto di richiedere al Titolare del trattamento i diritti di cui agli artt. 15 e ss. del GDPR 2016\/679:<br \/>\n&#8211; l\u2019accesso ai Suoi dati ed informazioni;<br \/>\n&#8211; la rettifica e la cancellazione (\u201cdiritto all\u2019oblio\u201d) dei dati;<br \/>\n&#8211; la limitazione del trattamento e la possibilit\u00e0 di opporsi al trattamento;<br \/>\n&#8211; la portabilit\u00e0 dei dati;<br \/>\n&#8211; la revoca al consenso del trattamento.<\/p>\n<p>Qualora ritenga che i suoi diritti sono stati violati, Lei ha la facolt\u00e0 e il diritto di esporre reclamo all\u2019Autorit\u00e0 GPDP per la tutela dei dati personali: <a href=\"https:\/\/www.garanteprivacy.it\" target=\"_blank\" rel=\"noopener\">www.garanteprivacy.it<\/a><\/p>\n<\/div><\/section>\n","protected":false},"excerpt":{"rendered":"","protected":false},"author":1505,"featured_media":0,"parent":0,"menu_order":0,"comment_status":"closed","ping_status":"closed","template":"","meta":{"footnotes":""},"class_list":["post-6019","page","type-page","status-publish","hentry"],"yoast_head":"<!-- This site is optimized with the Yoast SEO plugin v27.5 - https:\/\/yoast.com\/product\/yoast-seo-wordpress\/ -->\n<title>Privacy Policy - Castel Velturno<\/title>\n<meta name=\"robots\" content=\"index, follow, max-snippet:-1, max-image-preview:large, max-video-preview:-1\" \/>\n<link rel=\"canonical\" href=\"https:\/\/www.schlossvelthurns.it\/it\/privacy-policy\/\" \/>\n<meta property=\"og:locale\" content=\"it_IT\" \/>\n<meta property=\"og:type\" content=\"article\" \/>\n<meta property=\"og:title\" content=\"Privacy Policy - Castel Velturno\" \/>\n<meta property=\"og:url\" content=\"https:\/\/www.schlossvelthurns.it\/it\/privacy-policy\/\" \/>\n<meta property=\"og:site_name\" content=\"Castel Velturno\" \/>\n<meta property=\"article:modified_time\" content=\"2026-02-09T10:57:54+00:00\" \/>\n<meta name=\"twitter:label1\" content=\"Tempo di lettura stimato\" \/>\n\t<meta name=\"twitter:data1\" content=\"4 minuti\" \/>\n<script type=\"application\/ld+json\" class=\"yoast-schema-graph\">{\"@context\":\"https:\\\/\\\/schema.org\",\"@graph\":[{\"@type\":\"WebPage\",\"@id\":\"https:\\\/\\\/www.schlossvelthurns.it\\\/it\\\/privacy-policy\\\/\",\"url\":\"https:\\\/\\\/www.schlossvelthurns.it\\\/it\\\/privacy-policy\\\/\",\"name\":\"Privacy Policy - Castel Velturno\",\"isPartOf\":{\"@id\":\"https:\\\/\\\/www.schlossvelthurns.it\\\/it\\\/#website\"},\"datePublished\":\"2022-08-30T07:56:09+00:00\",\"dateModified\":\"2026-02-09T10:57:54+00:00\",\"breadcrumb\":{\"@id\":\"https:\\\/\\\/www.schlossvelthurns.it\\\/it\\\/privacy-policy\\\/#breadcrumb\"},\"inLanguage\":\"it-IT\",\"potentialAction\":[{\"@type\":\"ReadAction\",\"target\":[\"https:\\\/\\\/www.schlossvelthurns.it\\\/it\\\/privacy-policy\\\/\"]}]},{\"@type\":\"BreadcrumbList\",\"@id\":\"https:\\\/\\\/www.schlossvelthurns.it\\\/it\\\/privacy-policy\\\/#breadcrumb\",\"itemListElement\":[{\"@type\":\"ListItem\",\"position\":1,\"name\":\"Home\",\"item\":\"https:\\\/\\\/www.schlossvelthurns.it\\\/it\\\/castel-velturno\\\/\"},{\"@type\":\"ListItem\",\"position\":2,\"name\":\"Privacy Policy\"}]},{\"@type\":\"WebSite\",\"@id\":\"https:\\\/\\\/www.schlossvelthurns.it\\\/it\\\/#website\",\"url\":\"https:\\\/\\\/www.schlossvelthurns.it\\\/it\\\/\",\"name\":\"Castel Velturno\",\"description\":\"La residenza estiva dei principi vescovi\",\"potentialAction\":[{\"@type\":\"SearchAction\",\"target\":{\"@type\":\"EntryPoint\",\"urlTemplate\":\"https:\\\/\\\/www.schlossvelthurns.it\\\/it\\\/?s={search_term_string}\"},\"query-input\":{\"@type\":\"PropertyValueSpecification\",\"valueRequired\":true,\"valueName\":\"search_term_string\"}}],\"inLanguage\":\"it-IT\"}]}<\/script>\n<!-- \/ Yoast SEO plugin. -->","yoast_head_json":{"title":"Privacy Policy - Castel Velturno","robots":{"index":"index","follow":"follow","max-snippet":"max-snippet:-1","max-image-preview":"max-image-preview:large","max-video-preview":"max-video-preview:-1"},"canonical":"https:\/\/www.schlossvelthurns.it\/it\/privacy-policy\/","og_locale":"it_IT","og_type":"article","og_title":"Privacy Policy - Castel Velturno","og_url":"https:\/\/www.schlossvelthurns.it\/it\/privacy-policy\/","og_site_name":"Castel Velturno","article_modified_time":"2026-02-09T10:57:54+00:00","twitter_misc":{"Tempo di lettura stimato":"4 minuti"},"schema":{"@context":"https:\/\/schema.org","@graph":[{"@type":"WebPage","@id":"https:\/\/www.schlossvelthurns.it\/it\/privacy-policy\/","url":"https:\/\/www.schlossvelthurns.it\/it\/privacy-policy\/","name":"Privacy Policy - Castel Velturno","isPartOf":{"@id":"https:\/\/www.schlossvelthurns.it\/it\/#website"},"datePublished":"2022-08-30T07:56:09+00:00","dateModified":"2026-02-09T10:57:54+00:00","breadcrumb":{"@id":"https:\/\/www.schlossvelthurns.it\/it\/privacy-policy\/#breadcrumb"},"inLanguage":"it-IT","potentialAction":[{"@type":"ReadAction","target":["https:\/\/www.schlossvelthurns.it\/it\/privacy-policy\/"]}]},{"@type":"BreadcrumbList","@id":"https:\/\/www.schlossvelthurns.it\/it\/privacy-policy\/#breadcrumb","itemListElement":[{"@type":"ListItem","position":1,"name":"Home","item":"https:\/\/www.schlossvelthurns.it\/it\/castel-velturno\/"},{"@type":"ListItem","position":2,"name":"Privacy Policy"}]},{"@type":"WebSite","@id":"https:\/\/www.schlossvelthurns.it\/it\/#website","url":"https:\/\/www.schlossvelthurns.it\/it\/","name":"Castel Velturno","description":"La residenza estiva dei principi vescovi","potentialAction":[{"@type":"SearchAction","target":{"@type":"EntryPoint","urlTemplate":"https:\/\/www.schlossvelthurns.it\/it\/?s={search_term_string}"},"query-input":{"@type":"PropertyValueSpecification","valueRequired":true,"valueName":"search_term_string"}}],"inLanguage":"it-IT"}]}},"_links":{"self":[{"href":"https:\/\/www.schlossvelthurns.it\/it\/wp-json\/wp\/v2\/pages\/6019","targetHints":{"allow":["GET"]}}],"collection":[{"href":"https:\/\/www.schlossvelthurns.it\/it\/wp-json\/wp\/v2\/pages"}],"about":[{"href":"https:\/\/www.schlossvelthurns.it\/it\/wp-json\/wp\/v2\/types\/page"}],"author":[{"embeddable":true,"href":"https:\/\/www.schlossvelthurns.it\/it\/wp-json\/wp\/v2\/users\/1505"}],"replies":[{"embeddable":true,"href":"https:\/\/www.schlossvelthurns.it\/it\/wp-json\/wp\/v2\/comments?post=6019"}],"version-history":[{"count":3,"href":"https:\/\/www.schlossvelthurns.it\/it\/wp-json\/wp\/v2\/pages\/6019\/revisions"}],"predecessor-version":[{"id":6538,"href":"https:\/\/www.schlossvelthurns.it\/it\/wp-json\/wp\/v2\/pages\/6019\/revisions\/6538"}],"wp:attachment":[{"href":"https:\/\/www.schlossvelthurns.it\/it\/wp-json\/wp\/v2\/media?parent=6019"}],"curies":[{"name":"wp","href":"https:\/\/api.w.org\/{rel}","templated":true}]}}